{"id":8,"date":"2020-09-01T08:51:02","date_gmt":"2020-09-01T08:51:02","guid":{"rendered":"https:\/\/neu.schau-rein.co.at\/?page_id=8"},"modified":"2020-09-16T12:12:31","modified_gmt":"2020-09-16T12:12:31","slug":"ueber-uns","status":"publish","type":"page","link":"https:\/\/schau-rein.co.at\/?page_id=8","title":{"rendered":"\u00dcber uns"},"content":{"rendered":"\n<div class=\"wp-block-columns is-layout-flex wp-container-core-columns-is-layout-9d6595d7 wp-block-columns-is-layout-flex\">\n<div class=\"wp-block-column is-layout-flow wp-block-column-is-layout-flow\">\n<figure class=\"wp-block-image size-large\"><img fetchpriority=\"high\" decoding=\"async\" width=\"256\" height=\"256\" src=\"https:\/\/schau-rein.co.at\/wp-content\/uploads\/2020\/09\/thomas-winter.jpg\" alt=\"\" class=\"wp-image-95\" srcset=\"https:\/\/schau-rein.co.at\/wp-content\/uploads\/2020\/09\/thomas-winter.jpg 256w, https:\/\/schau-rein.co.at\/wp-content\/uploads\/2020\/09\/thomas-winter-150x150.jpg 150w\" sizes=\"(max-width: 256px) 100vw, 256px\" \/><\/figure>\n<\/div>\n\n\n\n<div class=\"wp-block-column is-layout-flow wp-block-column-is-layout-flow\">\n<p class=\"has-larger-font-size\"><strong>Thomas Winter<\/strong><\/p>\n\n\n\n<ul class=\"wp-block-list\"><li>Chefredakteur Magazin SCHAUrein!<\/li><li>Gesch\u00e4ftsf\u00fchrer Werbeagentur Warum?suchen<\/li><\/ul>\n\n\n\n<p>\u201eWer aufh\u00f6rt zu werben, um Geld zu sparen, kann ebenso seine Uhr anhalten um Zeit zu sparen.\u201c<\/p>\n\n\n\n<p>Henry Ford, Autopionier (1863 \u2013 1947)<\/p>\n\n\n\n<p><\/p>\n<\/div>\n<\/div>\n\n\n\n<div class=\"wp-block-columns is-layout-flex wp-container-core-columns-is-layout-9d6595d7 wp-block-columns-is-layout-flex\">\n<div class=\"wp-block-column is-layout-flow wp-block-column-is-layout-flow\">\n<p class=\"has-larger-font-size\"><strong>Doris Stelzmeyer<\/strong><\/p>\n\n\n\n<ul class=\"wp-block-list\"><li>Sekret\u00e4rin <\/li><\/ul>\n<\/div>\n\n\n\n<div class=\"wp-block-column is-layout-flow wp-block-column-is-layout-flow\">\n<figure class=\"wp-block-image size-large\"><img decoding=\"async\" width=\"808\" height=\"1024\" src=\"https:\/\/schau-rein.co.at\/wp-content\/uploads\/2020\/09\/Doris-Stelzmayer-808x1024.jpg\" alt=\"\" class=\"wp-image-116\" srcset=\"https:\/\/schau-rein.co.at\/wp-content\/uploads\/2020\/09\/Doris-Stelzmayer-808x1024.jpg 808w, https:\/\/schau-rein.co.at\/wp-content\/uploads\/2020\/09\/Doris-Stelzmayer-237x300.jpg 237w, https:\/\/schau-rein.co.at\/wp-content\/uploads\/2020\/09\/Doris-Stelzmayer-768x973.jpg 768w, https:\/\/schau-rein.co.at\/wp-content\/uploads\/2020\/09\/Doris-Stelzmayer-1212x1536.jpg 1212w, https:\/\/schau-rein.co.at\/wp-content\/uploads\/2020\/09\/Doris-Stelzmayer-1616x2048.jpg 1616w, https:\/\/schau-rein.co.at\/wp-content\/uploads\/2020\/09\/Doris-Stelzmayer-1200x1521.jpg 1200w, https:\/\/schau-rein.co.at\/wp-content\/uploads\/2020\/09\/Doris-Stelzmayer-1980x2509.jpg 1980w, https:\/\/schau-rein.co.at\/wp-content\/uploads\/2020\/09\/Doris-Stelzmayer-scaled.jpg 2020w\" sizes=\"(max-width: 808px) 100vw, 808px\" \/><\/figure>\n<\/div>\n<\/div>\n\n\n\n<div class=\"wp-block-columns is-layout-flex wp-container-core-columns-is-layout-9d6595d7 wp-block-columns-is-layout-flex\">\n<div class=\"wp-block-column is-layout-flow wp-block-column-is-layout-flow\">\n<figure class=\"wp-block-image size-large\"><img decoding=\"async\" width=\"718\" height=\"1024\" src=\"https:\/\/schau-rein.co.at\/wp-content\/uploads\/2020\/09\/Flon-saisonkarte-718x1024.jpg\" alt=\"\" class=\"wp-image-117\" srcset=\"https:\/\/schau-rein.co.at\/wp-content\/uploads\/2020\/09\/Flon-saisonkarte-718x1024.jpg 718w, https:\/\/schau-rein.co.at\/wp-content\/uploads\/2020\/09\/Flon-saisonkarte-210x300.jpg 210w, https:\/\/schau-rein.co.at\/wp-content\/uploads\/2020\/09\/Flon-saisonkarte-768x1095.jpg 768w, https:\/\/schau-rein.co.at\/wp-content\/uploads\/2020\/09\/Flon-saisonkarte.jpg 900w\" sizes=\"(max-width: 718px) 100vw, 718px\" \/><\/figure>\n<\/div>\n\n\n\n<div class=\"wp-block-column is-layout-flow wp-block-column-is-layout-flow\">\n<p class=\"has-larger-font-size\"><strong>Florian Winter<\/strong><\/p>\n\n\n\n<ul class=\"wp-block-list\"><li>Gesch\u00e4ftsf\u00fchrer Drink Cocktails<\/li><li>22 Jahre<\/li><li>2017 Maturiert an der Tourismusschule Wifi St.P\u00f6lten<\/li><li>zertifizierter Barkeeper<\/li><\/ul>\n\n\n\n<p>\u201eGute Cocktails m\u00fcssen nicht teuer sein!\u201c<\/p>\n<\/div>\n<\/div>\n","protected":false},"excerpt":{"rendered":"<p>Thomas Winter Chefredakteur Magazin SCHAUrein! Gesch\u00e4ftsf\u00fchrer Werbeagentur Warum?suchen \u201eWer aufh\u00f6rt zu werben, um Geld zu sparen, kann ebenso seine Uhr anhalten um Zeit zu sparen.\u201c Henry Ford, Autopionier (1863 \u2013 1947) Doris Stelzmeyer Sekret\u00e4rin Florian Winter Gesch\u00e4ftsf\u00fchrer Drink Cocktails 22 Jahre 2017 Maturiert an der Tourismusschule Wifi St.P\u00f6lten zertifizierter Barkeeper \u201eGute Cocktails m\u00fcssen nicht teuer [&hellip;]<\/p>\n","protected":false},"author":1,"featured_media":0,"parent":0,"menu_order":0,"comment_status":"closed","ping_status":"closed","template":"","meta":{"_monsterinsights_skip_tracking":false,"_monsterinsights_sitenote_active":false,"_monsterinsights_sitenote_note":"","_monsterinsights_sitenote_category":0,"footnotes":""},"class_list":["post-8","page","type-page","status-publish","hentry"],"yoast_head":"<!-- This site is optimized with the Yoast SEO plugin v27.5 - https:\/\/yoast.com\/product\/yoast-seo-wordpress\/ -->\n<title>\u00dcber uns - SCHAUrein!<\/title>\n<meta name=\"robots\" content=\"index, follow, max-snippet:-1, max-image-preview:large, max-video-preview:-1\" \/>\n<link rel=\"canonical\" href=\"https:\/\/schau-rein.co.at\/?page_id=8\" \/>\n<meta property=\"og:locale\" content=\"de_DE\" \/>\n<meta property=\"og:type\" content=\"article\" \/>\n<meta property=\"og:title\" content=\"\u00dcber uns - SCHAUrein!\" \/>\n<meta property=\"og:description\" content=\"Thomas Winter Chefredakteur Magazin SCHAUrein! Gesch\u00e4ftsf\u00fchrer Werbeagentur Warum?suchen \u201eWer aufh\u00f6rt zu werben, um Geld zu sparen, kann ebenso seine Uhr anhalten um Zeit zu sparen.\u201c Henry Ford, Autopionier (1863 \u2013 1947) Doris Stelzmeyer Sekret\u00e4rin Florian Winter Gesch\u00e4ftsf\u00fchrer Drink Cocktails 22 Jahre 2017 Maturiert an der Tourismusschule Wifi St.P\u00f6lten zertifizierter Barkeeper \u201eGute Cocktails m\u00fcssen nicht teuer [&hellip;]\" \/>\n<meta property=\"og:url\" content=\"https:\/\/schau-rein.co.at\/?page_id=8\" \/>\n<meta property=\"og:site_name\" content=\"SCHAUrein!\" \/>\n<meta property=\"article:modified_time\" content=\"2020-09-16T12:12:31+00:00\" \/>\n<meta property=\"og:image\" content=\"https:\/\/schau-rein.co.at\/wp-content\/uploads\/2020\/09\/thomas-winter.jpg\" \/>\n<meta name=\"twitter:card\" content=\"summary_large_image\" \/>\n<script type=\"application\/ld+json\" class=\"yoast-schema-graph\">{\"@context\":\"https:\\\/\\\/schema.org\",\"@graph\":[{\"@type\":\"WebPage\",\"@id\":\"https:\\\/\\\/schau-rein.co.at\\\/?page_id=8\",\"url\":\"https:\\\/\\\/schau-rein.co.at\\\/?page_id=8\",\"name\":\"\u00dcber uns - SCHAUrein!\",\"isPartOf\":{\"@id\":\"https:\\\/\\\/schau-rein.co.at\\\/#website\"},\"primaryImageOfPage\":{\"@id\":\"https:\\\/\\\/schau-rein.co.at\\\/?page_id=8#primaryimage\"},\"image\":{\"@id\":\"https:\\\/\\\/schau-rein.co.at\\\/?page_id=8#primaryimage\"},\"thumbnailUrl\":\"https:\\\/\\\/schau-rein.co.at\\\/wp-content\\\/uploads\\\/2020\\\/09\\\/thomas-winter.jpg\",\"datePublished\":\"2020-09-01T08:51:02+00:00\",\"dateModified\":\"2020-09-16T12:12:31+00:00\",\"breadcrumb\":{\"@id\":\"https:\\\/\\\/schau-rein.co.at\\\/?page_id=8#breadcrumb\"},\"inLanguage\":\"de\",\"potentialAction\":[{\"@type\":\"ReadAction\",\"target\":[\"https:\\\/\\\/schau-rein.co.at\\\/?page_id=8\"]}]},{\"@type\":\"ImageObject\",\"inLanguage\":\"de\",\"@id\":\"https:\\\/\\\/schau-rein.co.at\\\/?page_id=8#primaryimage\",\"url\":\"https:\\\/\\\/schau-rein.co.at\\\/wp-content\\\/uploads\\\/2020\\\/09\\\/thomas-winter.jpg\",\"contentUrl\":\"https:\\\/\\\/schau-rein.co.at\\\/wp-content\\\/uploads\\\/2020\\\/09\\\/thomas-winter.jpg\",\"width\":256,\"height\":256},{\"@type\":\"BreadcrumbList\",\"@id\":\"https:\\\/\\\/schau-rein.co.at\\\/?page_id=8#breadcrumb\",\"itemListElement\":[{\"@type\":\"ListItem\",\"position\":1,\"name\":\"Home\",\"item\":\"https:\\\/\\\/schau-rein.co.at\\\/\"},{\"@type\":\"ListItem\",\"position\":2,\"name\":\"\u00dcber uns\"}]},{\"@type\":\"WebSite\",\"@id\":\"https:\\\/\\\/schau-rein.co.at\\\/#website\",\"url\":\"https:\\\/\\\/schau-rein.co.at\\\/\",\"name\":\"SCHAUrein!\",\"description\":\"Das Hochglanzmagazin!\",\"publisher\":{\"@id\":\"https:\\\/\\\/schau-rein.co.at\\\/#organization\"},\"potentialAction\":[{\"@type\":\"SearchAction\",\"target\":{\"@type\":\"EntryPoint\",\"urlTemplate\":\"https:\\\/\\\/schau-rein.co.at\\\/?s={search_term_string}\"},\"query-input\":{\"@type\":\"PropertyValueSpecification\",\"valueRequired\":true,\"valueName\":\"search_term_string\"}}],\"inLanguage\":\"de\"},{\"@type\":\"Organization\",\"@id\":\"https:\\\/\\\/schau-rein.co.at\\\/#organization\",\"name\":\"SCHAUrein!\",\"url\":\"https:\\\/\\\/schau-rein.co.at\\\/\",\"logo\":{\"@type\":\"ImageObject\",\"inLanguage\":\"de\",\"@id\":\"https:\\\/\\\/schau-rein.co.at\\\/#\\\/schema\\\/logo\\\/image\\\/\",\"url\":\"https:\\\/\\\/schau-rein.co.at\\\/wp-content\\\/uploads\\\/2020\\\/09\\\/cropped-schaurein_logo_weisser-hintergrung-2.png\",\"contentUrl\":\"https:\\\/\\\/schau-rein.co.at\\\/wp-content\\\/uploads\\\/2020\\\/09\\\/cropped-schaurein_logo_weisser-hintergrung-2.png\",\"width\":3960,\"height\":1553,\"caption\":\"SCHAUrein!\"},\"image\":{\"@id\":\"https:\\\/\\\/schau-rein.co.at\\\/#\\\/schema\\\/logo\\\/image\\\/\"}}]}<\/script>\n<!-- \/ Yoast SEO plugin. -->","yoast_head_json":{"title":"\u00dcber uns - SCHAUrein!","robots":{"index":"index","follow":"follow","max-snippet":"max-snippet:-1","max-image-preview":"max-image-preview:large","max-video-preview":"max-video-preview:-1"},"canonical":"https:\/\/schau-rein.co.at\/?page_id=8","og_locale":"de_DE","og_type":"article","og_title":"\u00dcber uns - SCHAUrein!","og_description":"Thomas Winter Chefredakteur Magazin SCHAUrein! Gesch\u00e4ftsf\u00fchrer Werbeagentur Warum?suchen \u201eWer aufh\u00f6rt zu werben, um Geld zu sparen, kann ebenso seine Uhr anhalten um Zeit zu sparen.\u201c Henry Ford, Autopionier (1863 \u2013 1947) Doris Stelzmeyer Sekret\u00e4rin Florian Winter Gesch\u00e4ftsf\u00fchrer Drink Cocktails 22 Jahre 2017 Maturiert an der Tourismusschule Wifi St.P\u00f6lten zertifizierter Barkeeper \u201eGute Cocktails m\u00fcssen nicht teuer [&hellip;]","og_url":"https:\/\/schau-rein.co.at\/?page_id=8","og_site_name":"SCHAUrein!","article_modified_time":"2020-09-16T12:12:31+00:00","og_image":[{"url":"https:\/\/schau-rein.co.at\/wp-content\/uploads\/2020\/09\/thomas-winter.jpg","type":"","width":"","height":""}],"twitter_card":"summary_large_image","schema":{"@context":"https:\/\/schema.org","@graph":[{"@type":"WebPage","@id":"https:\/\/schau-rein.co.at\/?page_id=8","url":"https:\/\/schau-rein.co.at\/?page_id=8","name":"\u00dcber uns - SCHAUrein!","isPartOf":{"@id":"https:\/\/schau-rein.co.at\/#website"},"primaryImageOfPage":{"@id":"https:\/\/schau-rein.co.at\/?page_id=8#primaryimage"},"image":{"@id":"https:\/\/schau-rein.co.at\/?page_id=8#primaryimage"},"thumbnailUrl":"https:\/\/schau-rein.co.at\/wp-content\/uploads\/2020\/09\/thomas-winter.jpg","datePublished":"2020-09-01T08:51:02+00:00","dateModified":"2020-09-16T12:12:31+00:00","breadcrumb":{"@id":"https:\/\/schau-rein.co.at\/?page_id=8#breadcrumb"},"inLanguage":"de","potentialAction":[{"@type":"ReadAction","target":["https:\/\/schau-rein.co.at\/?page_id=8"]}]},{"@type":"ImageObject","inLanguage":"de","@id":"https:\/\/schau-rein.co.at\/?page_id=8#primaryimage","url":"https:\/\/schau-rein.co.at\/wp-content\/uploads\/2020\/09\/thomas-winter.jpg","contentUrl":"https:\/\/schau-rein.co.at\/wp-content\/uploads\/2020\/09\/thomas-winter.jpg","width":256,"height":256},{"@type":"BreadcrumbList","@id":"https:\/\/schau-rein.co.at\/?page_id=8#breadcrumb","itemListElement":[{"@type":"ListItem","position":1,"name":"Home","item":"https:\/\/schau-rein.co.at\/"},{"@type":"ListItem","position":2,"name":"\u00dcber uns"}]},{"@type":"WebSite","@id":"https:\/\/schau-rein.co.at\/#website","url":"https:\/\/schau-rein.co.at\/","name":"SCHAUrein!","description":"Das Hochglanzmagazin!","publisher":{"@id":"https:\/\/schau-rein.co.at\/#organization"},"potentialAction":[{"@type":"SearchAction","target":{"@type":"EntryPoint","urlTemplate":"https:\/\/schau-rein.co.at\/?s={search_term_string}"},"query-input":{"@type":"PropertyValueSpecification","valueRequired":true,"valueName":"search_term_string"}}],"inLanguage":"de"},{"@type":"Organization","@id":"https:\/\/schau-rein.co.at\/#organization","name":"SCHAUrein!","url":"https:\/\/schau-rein.co.at\/","logo":{"@type":"ImageObject","inLanguage":"de","@id":"https:\/\/schau-rein.co.at\/#\/schema\/logo\/image\/","url":"https:\/\/schau-rein.co.at\/wp-content\/uploads\/2020\/09\/cropped-schaurein_logo_weisser-hintergrung-2.png","contentUrl":"https:\/\/schau-rein.co.at\/wp-content\/uploads\/2020\/09\/cropped-schaurein_logo_weisser-hintergrung-2.png","width":3960,"height":1553,"caption":"SCHAUrein!"},"image":{"@id":"https:\/\/schau-rein.co.at\/#\/schema\/logo\/image\/"}}]}},"_links":{"self":[{"href":"https:\/\/schau-rein.co.at\/index.php?rest_route=\/wp\/v2\/pages\/8","targetHints":{"allow":["GET"]}}],"collection":[{"href":"https:\/\/schau-rein.co.at\/index.php?rest_route=\/wp\/v2\/pages"}],"about":[{"href":"https:\/\/schau-rein.co.at\/index.php?rest_route=\/wp\/v2\/types\/page"}],"author":[{"embeddable":true,"href":"https:\/\/schau-rein.co.at\/index.php?rest_route=\/wp\/v2\/users\/1"}],"replies":[{"embeddable":true,"href":"https:\/\/schau-rein.co.at\/index.php?rest_route=%2Fwp%2Fv2%2Fcomments&post=8"}],"version-history":[{"count":3,"href":"https:\/\/schau-rein.co.at\/index.php?rest_route=\/wp\/v2\/pages\/8\/revisions"}],"predecessor-version":[{"id":118,"href":"https:\/\/schau-rein.co.at\/index.php?rest_route=\/wp\/v2\/pages\/8\/revisions\/118"}],"wp:attachment":[{"href":"https:\/\/schau-rein.co.at\/index.php?rest_route=%2Fwp%2Fv2%2Fmedia&parent=8"}],"curies":[{"name":"wp","href":"https:\/\/api.w.org\/{rel}","templated":true}]}}